{"id":415,"date":"2024-01-08T15:57:37","date_gmt":"2024-01-08T15:57:37","guid":{"rendered":"http:\/\/kalvnaset.nu\/?page_id=415"},"modified":"2024-01-08T16:07:02","modified_gmt":"2024-01-08T16:07:02","slug":"miljoatgarder-pa-kalvnaset-fastigheten-tyreso-1753","status":"publish","type":"page","link":"https:\/\/kalvnaset.nu\/?page_id=415","title":{"rendered":"Milj\u00f6\u00e5tg\u00e4rder p\u00e5 Kalvn\u00e4set, Fastigheten Tyres\u00f6 1:753"},"content":{"rendered":"<p><a href=\"https:\/\/kalvnaset.nu\/wp-content\/uploads\/2024\/01\/EU-jordbruksfonden.jpg\"><img loading=\"lazy\" decoding=\"async\" class=\"alignnone wp-image-420\" src=\"https:\/\/kalvnaset.nu\/wp-content\/uploads\/2024\/01\/EU-jordbruksfonden-300x286.jpg\" alt=\"\" width=\"191\" height=\"182\" srcset=\"https:\/\/kalvnaset.nu\/wp-content\/uploads\/2024\/01\/EU-jordbruksfonden-300x286.jpg 300w, https:\/\/kalvnaset.nu\/wp-content\/uploads\/2024\/01\/EU-jordbruksfonden.jpg 374w\" sizes=\"auto, (max-width: 191px) 100vw, 191px\" \/><\/a><a href=\"https:\/\/kalvnaset.nu\/wp-content\/uploads\/2024\/01\/KSSF-logo.png\"><img loading=\"lazy\" decoding=\"async\" class=\"size-full wp-image-419 alignright\" src=\"https:\/\/kalvnaset.nu\/wp-content\/uploads\/2024\/01\/KSSF-logo.png\" alt=\"\" width=\"278\" height=\"121\" \/><\/a><\/p>\n<p><strong>Milj\u00f6\u00e5tg\u00e4rder p\u00e5 Kalvn\u00e4set, Fastigheten Tyres\u00f6 1<\/strong><strong>:<\/strong><strong>753<\/strong><\/p>\n<p>Journalnummer: 2018-3807-6<\/p>\n<p>I samr\u00e5d med Skogsstyrelsen (L1704-2018), enligt Milj\u00f6balken 12 kap \u00a76, har Kalvn\u00e4sets<br \/>\nSamf\u00e4llighetsf\u00f6rening (SFF) sedan 2018 genomf\u00f6rt milj\u00f6\u00e5tg\u00e4rder i omr\u00e5dets skogar.<br \/>\nDessa \u00e5tg\u00e4rder \u00e4r en del av &#8217;Skogens milj\u00f6v\u00e4rden&#8217; inom Landsbygdsprogrammet 2014\u20132020 och delvis finansierade av Europeiska Jordbruksfonden f\u00f6r Landsbygdsutveckling.<br \/>\nTotalt omfattas 23.7 hektar och dessa \u00e5tg\u00e4rder ska bibeh\u00e5llas i minst 5 \u00e5r efter genomf\u00f6randet.<\/p>\n<p><strong>Ansvarsomr\u00e5de<\/strong><\/p>\n<p>Kalvn\u00e4sets samf\u00e4llighet ansvarar f\u00f6r all mark p\u00e5 Tyres\u00f6 1:753, utom tomtmark inom f\u00f6reningen. Nyckelbiotopomr\u00e5dena 1, 2 och 3 \u00e4r markerade p\u00e5 bifogad karta.<\/p>\n<p><a href=\"https:\/\/kalvnaset.nu\/wp-content\/uploads\/2024\/01\/Nyckelbiotoper.png\"><img loading=\"lazy\" decoding=\"async\" class=\"alignnone size-medium wp-image-421\" src=\"https:\/\/kalvnaset.nu\/wp-content\/uploads\/2024\/01\/Nyckelbiotoper-300x287.png\" alt=\"\" width=\"300\" height=\"287\" srcset=\"https:\/\/kalvnaset.nu\/wp-content\/uploads\/2024\/01\/Nyckelbiotoper-300x287.png 300w, https:\/\/kalvnaset.nu\/wp-content\/uploads\/2024\/01\/Nyckelbiotoper-768x734.png 768w, https:\/\/kalvnaset.nu\/wp-content\/uploads\/2024\/01\/Nyckelbiotoper-624x597.png 624w, https:\/\/kalvnaset.nu\/wp-content\/uploads\/2024\/01\/Nyckelbiotoper.png 777w\" sizes=\"auto, (max-width: 300px) 100vw, 300px\" \/><\/a><\/p>\n<p><strong>Beskrivning av st\u00f6d\u00e5tg\u00e4rder<\/strong><\/p>\n<p>Historik och nul\u00e4ge<\/p>\n<p>Omr\u00e5det har stora milj\u00f6v\u00e4rden. Vid r\u00e5dgivningen skedde en dialog kring vilka \u00e5tg\u00e4rder som ska utf\u00f6ras f\u00f6r att bevara och utveckla natur- och kulturmilj\u00f6v\u00e4rden.<\/p>\n<p>Hagmarksliknande skogsbete med glest st\u00e5ende grova och gamla ekar (flera ih\u00e5liga) med vida sp\u00e4rrgreniga kronor och sm\u00e5 igenv\u00e4xande in\u00e4gor. Ett v\u00e4rdefullt biologiskt kulturarv med sp\u00e5r av \u00e4ldre tiders markanv\u00e4ndning. P\u00e5 h\u00e4llmarken v\u00e4xer senvuxna gamla ekar och grova tallar. Eftersom bete sedan l\u00e4nge har upph\u00f6rt, har gran och triviall\u00f6v tr\u00e4ngt in och beskuggar ekarna samt hindrar solinstr\u00e5lning p\u00e5 den tidigare \u00f6rtrika marken. I omr\u00e5det v\u00e4xer b\u00e5de gammal och yngre hassel, vildapel och enbuskar, vilket ocks\u00e5 vittnar om det historiskt mycket mer \u00f6ppna landskapet.<\/p>\n<p>I den branta sluttningen ner mot Kalvfj\u00e4rden v\u00e4xer senvuxna ekar och gamla tallar samt enbuskar. Alla de v\u00e4rdefulla gamla tr\u00e4den tr\u00e4ngs nu med unga och medel\u00e5lders granar, bj\u00f6rkar och aspar.<\/p>\n<p>I omr\u00e5det mot Albysj\u00f6n v\u00e4xer flera grova sp\u00e4rrgreniga gamla ekar. Dessa tr\u00e4ngs nu av snabbv\u00e4xande granar och ordin\u00e4ra l\u00f6vtr\u00e4d. De grova ekarna och hasselbest\u00e5ndet vittnar om \u00f6ppna marker och tidigare markanv\u00e4ndning som sl\u00e5tter och bete.<\/p>\n<p>&nbsp;<\/p>\n<p><strong>\u00c5tg\u00e4rder i omr\u00e5de 1\u20133<\/strong><\/p>\n<p><strong>\u00a0<\/strong><strong>Frihuggning:<\/strong> Gamla tr\u00e4d som ekar, tallar, askar, asp och klibbal har frist\u00e4llts fr\u00e5n omgivande v\u00e4xtlighet. Gynnar hela nyckelbiotopen och bland annat de arter som kr\u00e4ver solbelysta stammar<\/p>\n<p><strong>V\u00e4rdtr\u00e4d:<\/strong> Speciellt viktiga tr\u00e4d f\u00f6r arter som tallticka, ekticka och lunglav har prioriterats.<\/p>\n<p><strong>Utglesning:<\/strong> Medel\u00e5lders gran och triviall\u00f6v har gallrats f\u00f6r att gynna \u00e4ldre tr\u00e4d, inklusive tallar och \u00e4dell\u00f6v som ek och ask.<\/p>\n<p><strong>Bevarande av gamla tr\u00e4d:<\/strong> Dessa tr\u00e4d har frist\u00e4llts fr\u00e5n konkurrerande v\u00e4xtlighet. \u00c4ven d\u00f6da tr\u00e4d har bevarats f\u00f6r sitt ekologiska v\u00e4rde. D\u00f6da stammar som blir solbelysta gynnar r\u00f6dlistade arter.<\/p>\n<p><strong>Biologiskt Kulturarv:<\/strong> Omr\u00e5det, som \u00e4r en del av Tyres\u00f6 slottets historiska utmarker, \u00e4r rikt p\u00e5 gamla tr\u00e4d och anv\u00e4nds f\u00f6r rekreation.<\/p>\n<p>I omr\u00e5de 1\u20133 p\u00e5 Kalvn\u00e4set har en rad milj\u00f6\u00e5tg\u00e4rder genomf\u00f6rts f\u00f6r att st\u00e4rka den lokala biologiska m\u00e5ngfalden och bevara omr\u00e5dets kulturarv. En viktig del av dessa \u00e5tg\u00e4rder har varit frihuggning av gamla tr\u00e4d s\u00e5som ekar, tallar, askar, asp och klibbal. Denna process har inneburit att dessa gamla tr\u00e4d frist\u00e4llts fr\u00e5n omgivande v\u00e4xtlighet f\u00f6r att ge dem mer utrymme och ljus. Speciellt fokus har lagts p\u00e5 s\u00e5 kallade v\u00e4rdtr\u00e4d, vilka \u00e4r viktiga f\u00f6r arter som tallticka, ekticka och lunglav. Dessa tr\u00e4d har prioriterats och gynnas genom \u00e5tg\u00e4rder som \u00e4r speciellt utformade f\u00f6r dem.<\/p>\n<p>Vidare har utglesning av medel\u00e5lders gran och triviall\u00f6v genomf\u00f6rts. Syftet med detta \u00e4r att gynna de \u00e4ldre tr\u00e4den i omr\u00e5det, s\u00e4rskilt gamla tallar och \u00e4dell\u00f6vtr\u00e4d som ek och ask, vilka \u00e4r viktiga f\u00f6r den biologiska m\u00e5ngfalden och ekosystemets h\u00e4lsa. Genom att gallra bort yngre och mindre betydelsefulla tr\u00e4d, f\u00e5r de \u00e4ldre och mer v\u00e4rdefulla tr\u00e4den b\u00e4ttre f\u00f6ruts\u00e4ttningar att v\u00e4xa och utvecklas.<\/p>\n<p>Dessutom har en s\u00e4rskild vikt lagts vid bevarandet av gamla tr\u00e4d, inte bara levande utan \u00e4ven d\u00f6da exemplar. Dessa tr\u00e4d \u00e4r viktiga ekologiska komponenter som erbjuder habitat f\u00f6r m\u00e5nga arter och bidrar till den biologiska m\u00e5ngfalden i omr\u00e5det. Slutligen betonas omr\u00e5dets betydelse som en del av det biologiska kulturarvet kopplat till Tyres\u00f6 slott.<\/p>\n<p>Omr\u00e5det \u00e4r rikt p\u00e5 gamla tr\u00e4d och har historiskt anv\u00e4nts f\u00f6r bete och skogsbruk, vilket bidrar till dess unika karakt\u00e4r. Idag \u00e4r omr\u00e5det ocks\u00e5 en viktig rekreationsplats f\u00f6r inv\u00e5narna i Tyres\u00f6, vilket g\u00f6r bevarandet av dessa milj\u00f6er \u00e4nnu viktigare.<\/p>\n<p><strong>V\u00e5ra milj\u00f6m\u00e5l<\/strong><\/p>\n<ul>\n<li>att bevara nyckelbiotoper<\/li>\n<li>att l\u00f6pande sk\u00f6ta skogen s\u00e5 att milj\u00f6\u00e5tg\u00e4rder bibeh\u00e5lls<\/li>\n<li>att r\u00f6dlistade arter gynnas och bevaras<\/li>\n<li>att bidra till rekreation i n\u00e4romr\u00e5det.<\/li>\n<li>att bevara det biologiska och historiska kulturarvet fr\u00e5n Tyres\u00f6 slott<\/li>\n<li>att befintliga v\u00e5tmarker bevaras<\/li>\n<\/ul>\n<p>Kalvn\u00e4sets samf\u00e4llighetsf\u00f6rening<\/p>\n<p>Publicerat 2024 01 08<\/p>\n<p><strong>Detta dokument i PDF-format finns f\u00f6r nedladdning h\u00e4r<\/strong>: <a href=\"https:\/\/kalvnaset.nu\/wp-content\/uploads\/2024\/01\/Kalvnasets-miljoatgarder-pa-fastigheten-Tyreso-_20240107.pdf\">Kalvn\u00e4sets milj\u00f6\u00e5tg\u00e4rder p\u00e5 fastigheten Tyres\u00f6 _20240107<\/a><\/p>\n","protected":false},"excerpt":{"rendered":"<p>Milj\u00f6\u00e5tg\u00e4rder p\u00e5 Kalvn\u00e4set, Fastigheten Tyres\u00f6 1:753 Journalnummer: 2018-3807-6 I samr\u00e5d med Skogsstyrelsen (L1704-2018), enligt Milj\u00f6balken 12 kap \u00a76, har Kalvn\u00e4sets Samf\u00e4llighetsf\u00f6rening (SFF) sedan 2018 genomf\u00f6rt milj\u00f6\u00e5tg\u00e4rder i omr\u00e5dets skogar. Dessa \u00e5tg\u00e4rder \u00e4r en del av &#8217;Skogens milj\u00f6v\u00e4rden&#8217; inom Landsbygdsprogrammet 2014\u20132020 och delvis finansierade av Europeiska Jordbruksfonden f\u00f6r Landsbygdsutveckling. Totalt omfattas 23.7 hektar och dessa \u00e5tg\u00e4rder [&hellip;]<\/p>\n","protected":false},"author":1,"featured_media":0,"parent":0,"menu_order":0,"comment_status":"closed","ping_status":"closed","template":"","meta":{"footnotes":""},"class_list":["post-415","page","type-page","status-publish","hentry"],"_links":{"self":[{"href":"https:\/\/kalvnaset.nu\/index.php?rest_route=\/wp\/v2\/pages\/415","targetHints":{"allow":["GET"]}}],"collection":[{"href":"https:\/\/kalvnaset.nu\/index.php?rest_route=\/wp\/v2\/pages"}],"about":[{"href":"https:\/\/kalvnaset.nu\/index.php?rest_route=\/wp\/v2\/types\/page"}],"author":[{"embeddable":true,"href":"https:\/\/kalvnaset.nu\/index.php?rest_route=\/wp\/v2\/users\/1"}],"replies":[{"embeddable":true,"href":"https:\/\/kalvnaset.nu\/index.php?rest_route=%2Fwp%2Fv2%2Fcomments&post=415"}],"version-history":[{"count":7,"href":"https:\/\/kalvnaset.nu\/index.php?rest_route=\/wp\/v2\/pages\/415\/revisions"}],"predecessor-version":[{"id":428,"href":"https:\/\/kalvnaset.nu\/index.php?rest_route=\/wp\/v2\/pages\/415\/revisions\/428"}],"wp:attachment":[{"href":"https:\/\/kalvnaset.nu\/index.php?rest_route=%2Fwp%2Fv2%2Fmedia&parent=415"}],"curies":[{"name":"wp","href":"https:\/\/api.w.org\/{rel}","templated":true}]}}