{"id":247,"date":"2017-10-04T17:14:46","date_gmt":"2017-10-04T17:14:46","guid":{"rendered":"http:\/\/kalvnaset.nu\/?page_id=247"},"modified":"2025-10-11T19:17:13","modified_gmt":"2025-10-11T19:17:13","slug":"naturvard","status":"publish","type":"page","link":"https:\/\/kalvnaset.nu\/?page_id=247","title":{"rendered":"Jakt p\u00e5 Kalvn\u00e4sets marker"},"content":{"rendered":"<p>JAKT P\u00c5 KALVN\u00c4SET<\/p>\n<p>Jakten i Solberga och Bergholm (p\u00e5 den mark som \u00e4gs av Kalvn\u00e4sets Samf\u00e4llighetsf\u00f6rening) bedrivs av Kalvn\u00e4sets Jaktklubb. Det \u00e4r en jaktklubb i huvudsak best\u00e5ende av boende i omr\u00e5det.<\/p>\n<p>Jakten bedrivs b\u00e5de av enskilda medlemmar i jaktklubben, i form av t.ex. smygjakt, samt i gemensam form med drivande, l\u00f6sspringande, hundar. Vid jakt med drivande hundar s\u00e4tts skyltar ut vid b\u00e4gge \u00e4ndarna av norra stigen mellan Solberga och Bergholm. Information om att jakt p\u00e5g\u00e5r l\u00e4ggs \u00e4ven ut p\u00e5 Facebook-sidorna f\u00f6r Solberga och Bergholm.<\/p>\n<p><b>Obs! Det finns inga begr\u00e4nsningar f\u00f6r n\u00e5gon, varken m\u00e4nniskor eller hundar, att r\u00f6ra sig fritt i skog och mark n\u00e4r jakt p\u00e5g\u00e5r. De drivande hundarna \u00e4r i regel ointresserade av andra hundar och skyttarna har god uppsikt \u00f6ver om n\u00e5gon befinner sig i n\u00e4romr\u00e5det.<\/b><\/p>\n<p>Kalvn\u00e4sets Jaktklubb har ett h\u00f6gt fokus p\u00e5 s\u00e4kerhet i och med att jakten bedrivs i n\u00e4rheten av bebyggelse. Jaktlaget arbetar kontinuerligt med att skapa s\u00e4kra och v\u00e4lr\u00f6jda pass med bra kulf\u00e5ng.<\/p>\n<p>Vid fr\u00e5gor, ring Robert Andersson, 073-920 54 00.<\/p>\n<p><iframe loading=\"lazy\" src=\"https:\/\/calendar.google.com\/calendar\/embed?src=kalvnasetsjaktklubb%40gmail.com&#038;ctz=Europe%2FStockholm\" style=\"border: 0\" width=\"800\" height=\"600\" frameborder=\"0\" scrolling=\"no\"><\/iframe><\/p>\n","protected":false},"excerpt":{"rendered":"<p>JAKT P\u00c5 KALVN\u00c4SET Jakten i Solberga och Bergholm (p\u00e5 den mark som \u00e4gs av Kalvn\u00e4sets Samf\u00e4llighetsf\u00f6rening) bedrivs av Kalvn\u00e4sets Jaktklubb. Det \u00e4r en jaktklubb i huvudsak best\u00e5ende av boende i omr\u00e5det. Jakten bedrivs b\u00e5de av enskilda medlemmar i jaktklubben, i form av t.ex. smygjakt, samt i gemensam form med drivande, l\u00f6sspringande, hundar. Vid jakt med [&hellip;]<\/p>\n","protected":false},"author":1,"featured_media":0,"parent":0,"menu_order":0,"comment_status":"closed","ping_status":"closed","template":"","meta":{"footnotes":""},"class_list":["post-247","page","type-page","status-publish","hentry"],"_links":{"self":[{"href":"https:\/\/kalvnaset.nu\/index.php?rest_route=\/wp\/v2\/pages\/247","targetHints":{"allow":["GET"]}}],"collection":[{"href":"https:\/\/kalvnaset.nu\/index.php?rest_route=\/wp\/v2\/pages"}],"about":[{"href":"https:\/\/kalvnaset.nu\/index.php?rest_route=\/wp\/v2\/types\/page"}],"author":[{"embeddable":true,"href":"https:\/\/kalvnaset.nu\/index.php?rest_route=\/wp\/v2\/users\/1"}],"replies":[{"embeddable":true,"href":"https:\/\/kalvnaset.nu\/index.php?rest_route=%2Fwp%2Fv2%2Fcomments&post=247"}],"version-history":[{"count":11,"href":"https:\/\/kalvnaset.nu\/index.php?rest_route=\/wp\/v2\/pages\/247\/revisions"}],"predecessor-version":[{"id":468,"href":"https:\/\/kalvnaset.nu\/index.php?rest_route=\/wp\/v2\/pages\/247\/revisions\/468"}],"wp:attachment":[{"href":"https:\/\/kalvnaset.nu\/index.php?rest_route=%2Fwp%2Fv2%2Fmedia&parent=247"}],"curies":[{"name":"wp","href":"https:\/\/api.w.org\/{rel}","templated":true}]}}