{"id":21,"date":"2013-01-28T18:27:54","date_gmt":"2013-01-28T18:27:54","guid":{"rendered":"http:\/\/kalvnaset.nu\/?page_id=21"},"modified":"2024-06-12T18:46:08","modified_gmt":"2024-06-12T18:46:08","slug":"styrelse-och-funktionarer","status":"publish","type":"page","link":"https:\/\/kalvnaset.nu\/?page_id=21","title":{"rendered":"Styrelse och funktion\u00e4rer"},"content":{"rendered":"<p>&nbsp;<\/p>\n<table border=\"1\" width=\"641\" cellspacing=\"0\" cellpadding=\"3\">\n<colgroup>\n<col width=\"178\" \/>\n<col width=\"179\" \/>\n<col width=\"285\" \/> <\/colgroup>\n<tbody>\n<tr>\n<td>\n<h5>FUNKTION\u00c4R<\/h5>\n<\/td>\n<td>\n<h5>NAMN<\/h5>\n<\/td>\n<td>\n<h5>E-POST<\/h5>\n<\/td>\n<\/tr>\n<tr>\n<td>\n<h5>STYRELSE<\/h5>\n<\/td>\n<td><\/td>\n<\/tr>\n<tr>\n<td>Ordf\u00f6rande<\/td>\n<td>Bo Wergedahl (B)<\/td>\n<td><a title=\"Till ordf\u00f6rande\" href=\"mailto:ordforande@kalvnaset.nu\">ordforande@kalvnaset.nu<\/a><\/td>\n<\/tr>\n<tr>\n<td>Kass\u00f6r<\/td>\n<td>Christian Bengtsson<\/td>\n<td><a title=\"Till kass\u00f6ren\" href=\"mailto:ekonomi@kalvnaset.nu\">ekonomi@kalvnaset.nu<\/a><\/td>\n<\/tr>\n<tr>\n<td>Sekreterare<\/td>\n<td>\u00a0Bo Wergedahl (B) postmott.<\/td>\n<td><a title=\"Till sekreteraren\" href=\"mailto:sekreterare@kalvnaset.nu\">sekreterare@kalvnaset.nu<\/a><\/td>\n<\/tr>\n<tr>\n<td>V\u00e4gchef<\/td>\n<td>Veronica Runing (B)<\/td>\n<td><a title=\"Till v\u00e4gchefen\" href=\"mailto:vagchef@kalvnaset.nu\">vagchef@kalvnaset.nu<\/a><\/td>\n<\/tr>\n<tr>\n<td>Jakt- och skogsv\u00e5rdare<\/td>\n<td>Veronica Runing (B)<\/td>\n<td><a title=\"Till jakt och skogsv\u00e5rdare\" href=\"mailto:skosvardare@kalvnaset.nu\">skogsvardare@kalvnaset.nu<\/a><\/td>\n<\/tr>\n<tr>\n<td>Ledamot<\/td>\n<td>Svante Svangren (S)<\/td>\n<td><\/td>\n<\/tr>\n<tr>\n<td>Ledamot<\/td>\n<td>Jesper Westlin (B)<\/td>\n<td><\/td>\n<\/tr>\n<tr>\n<td>Ledamot<\/td>\n<td>Sven-Erik Brant\u00e5s (S)<\/td>\n<td><\/td>\n<\/tr>\n<tr>\n<td>Styrelsesuppleant<\/td>\n<td>Vakant<\/td>\n<td><\/td>\n<\/tr>\n<tr>\n<td>Styrelsesuppleant<\/td>\n<td>Jan Bengtsson (B)<\/td>\n<td><\/td>\n<\/tr>\n<tr>\n<td>Styrelsesuppleant<\/td>\n<td>Katarina Andersson G\u00e4lhagen (S)<\/td>\n<td><\/td>\n<\/tr>\n<tr>\n<td colspan=\"4\"><em>(B)=Bergholm (S)=Solberga<\/em><\/p>\n<h5>VALBEREDNING<\/h5>\n<\/td>\n<\/tr>\n<tr>\n<td>Valberedare, Bergholm<\/td>\n<td>Ralf Bj\u00f6rklund<\/td>\n<td>ordf. i <a title=\"Bergholmens TF\" href=\"mailto:bergholmen@telia.com\">Bergholms Tomt\u00e4garf\u00f6rening<\/a><\/td>\n<\/tr>\n<tr>\n<td>Valberedare, Solberga<\/td>\n<td>Verionica Anglevik<\/td>\n<td>ordf. i Solberga Tomt\u00e4garf\u00f6rening<\/td>\n<\/tr>\n<\/tbody>\n<\/table>\n","protected":false},"excerpt":{"rendered":"<p>&nbsp; FUNKTION\u00c4R NAMN E-POST STYRELSE Ordf\u00f6rande Bo Wergedahl (B) ordforande@kalvnaset.nu Kass\u00f6r Christian Bengtsson ekonomi@kalvnaset.nu Sekreterare \u00a0Bo Wergedahl (B) postmott. sekreterare@kalvnaset.nu V\u00e4gchef Veronica Runing (B) vagchef@kalvnaset.nu Jakt- och skogsv\u00e5rdare Veronica Runing (B) skogsvardare@kalvnaset.nu Ledamot Svante Svangren (S) Ledamot Jesper Westlin (B) Ledamot Sven-Erik Brant\u00e5s (S) Styrelsesuppleant Vakant Styrelsesuppleant Jan Bengtsson (B) Styrelsesuppleant Katarina Andersson G\u00e4lhagen (S) [&hellip;]<\/p>\n","protected":false},"author":1,"featured_media":0,"parent":0,"menu_order":0,"comment_status":"closed","ping_status":"closed","template":"","meta":{"footnotes":""},"class_list":["post-21","page","type-page","status-publish","hentry"],"_links":{"self":[{"href":"https:\/\/kalvnaset.nu\/index.php?rest_route=\/wp\/v2\/pages\/21","targetHints":{"allow":["GET"]}}],"collection":[{"href":"https:\/\/kalvnaset.nu\/index.php?rest_route=\/wp\/v2\/pages"}],"about":[{"href":"https:\/\/kalvnaset.nu\/index.php?rest_route=\/wp\/v2\/types\/page"}],"author":[{"embeddable":true,"href":"https:\/\/kalvnaset.nu\/index.php?rest_route=\/wp\/v2\/users\/1"}],"replies":[{"embeddable":true,"href":"https:\/\/kalvnaset.nu\/index.php?rest_route=%2Fwp%2Fv2%2Fcomments&post=21"}],"version-history":[{"count":45,"href":"https:\/\/kalvnaset.nu\/index.php?rest_route=\/wp\/v2\/pages\/21\/revisions"}],"predecessor-version":[{"id":439,"href":"https:\/\/kalvnaset.nu\/index.php?rest_route=\/wp\/v2\/pages\/21\/revisions\/439"}],"wp:attachment":[{"href":"https:\/\/kalvnaset.nu\/index.php?rest_route=%2Fwp%2Fv2%2Fmedia&parent=21"}],"curies":[{"name":"wp","href":"https:\/\/api.w.org\/{rel}","templated":true}]}}